{"id":53,"date":"2017-11-10T22:09:31","date_gmt":"2017-11-10T21:09:31","guid":{"rendered":"http:\/\/yoga-aurillac.fr\/?page_id=53"},"modified":"2026-02-16T15:31:40","modified_gmt":"2026-02-16T14:31:40","slug":"salle-de-pratique-tarifs","status":"publish","type":"page","link":"https:\/\/yoga-audenge.fr\/index.php\/salle-de-pratique-tarifs\/","title":{"rendered":"Salle de pratique &#8211; tarifs &#8211; horaires"},"content":{"rendered":"<h1>O\u00f9 me trouver ?<\/h1>\n<p>Je dispense les cours au 7 rue de l\u2019Escouarte 33980 Audenge.<\/p>\n<p>Vous pouvez me contacter directement au 06 84 23 93 74.<\/p>\n<p>Il est aussi possible d&#8217;organiser des s\u00e9ances particuli\u00e8res (1 \u00e0 3 \u00e9l\u00e8ves) et en entreprise.<\/p>\n<h1>Tarifs<\/h1>\n<h1 style=\"margin-top: 1.71429rem; margin-bottom: 1.71429rem;\"><img loading=\"lazy\" class=\"wp-image-54 alignleft\" style=\"margin-top: 0.857143rem; margin-bottom: 0.857143rem;\" src=\"http:\/\/yoga-aurillac.fr\/wp-content\/uploads\/2017\/11\/zoom_main_violet.jpg\" alt=\"Salle de pratique et tarifs\" width=\"197\" height=\"197\" srcset=\"https:\/\/yoga-audenge.fr\/wp-content\/uploads\/2017\/11\/zoom_main_violet.jpg 589w, https:\/\/yoga-audenge.fr\/wp-content\/uploads\/2017\/11\/zoom_main_violet-150x150.jpg 150w, https:\/\/yoga-audenge.fr\/wp-content\/uploads\/2017\/11\/zoom_main_violet-300x300.jpg 300w\" sizes=\"(max-width: 197px) 100vw, 197px\" \/><\/h1>\n<p>Le premier cours d&#8217;essai est factur\u00e9 10 euros.<\/p>\n<p>Cours \u00e0 l\u2019unit\u00e9 15 euros<\/p>\n<p>La carte de 10 s\u00e9ances: 140 euros<\/p>\n<p>La carte de 20 s\u00e9ances: 270 euros<\/p>\n<p>Possibilit\u00e9 de payer en plusieurs fois. La carte est valable un an.<\/p>\n<p>Me pr\u00e9venir de votre absence dans la mesure du possible 24H00 \u00e0 l\u2019avance sinon le cours sera factur\u00e9 sauf motif imp\u00e9rieux.<\/p>\n<h1>\u00a0Horaires<\/h1>\n<table style=\"height: 240px;\" width=\"786\" cellspacing=\"0\" cellpadding=\"7\">\n<colgroup>\n<col width=\"108\" \/>\n<col width=\"109\" \/>\n<col width=\"109\" \/>\n<col width=\"109\" \/>\n<col width=\"108\" \/> <\/colgroup>\n<tbody>\n<tr valign=\"top\">\n<td width=\"108\"><strong>Lundi<\/strong><\/td>\n<td width=\"108\"><strong>Mardi<\/strong><\/td>\n<td width=\"109\"><strong>Mercredi<\/strong><\/td>\n<td width=\"109\"><strong>Jeudi<\/strong><\/td>\n<td width=\"109\"><strong>Vendredi<\/strong><\/td>\n<td width=\"108\"><strong>Dimanche<\/strong><\/td>\n<\/tr>\n<tr valign=\"top\">\n<td width=\"108\"><strong> 9H30-10H45<\/strong><\/td>\n<td width=\"109\"><\/td>\n<td width=\"109\"><strong>10H00-11H15<\/strong><\/td>\n<td width=\"109\"><\/td>\n<td width=\"109\"><strong> 9H30-10H45<\/strong><\/td>\n<td width=\"108\"><strong>Atelier Yin Yoga (2H)<\/strong><\/td>\n<\/tr>\n<tr valign=\"top\">\n<td width=\"108\"><strong>11H15-12H00 (m\u00e9ditation)<br \/>\n<\/strong><\/td>\n<td width=\"109\"><strong> 12H15-13H30<\/strong><\/td>\n<td width=\"109\"><\/td>\n<td width=\"109\"><strong>\u00a012H15-13H30<\/strong><\/td>\n<td width=\"108\"><strong> 12H15-13H15 (zoom ou replay ou studio)<\/strong><\/td>\n<\/tr>\n<tr valign=\"top\">\n<td width=\"108\"><strong>18H00-19H15<\/strong><\/td>\n<td width=\"109\"><strong>17H15-18H30<\/strong><\/td>\n<td width=\"109\"><\/td>\n<td width=\"109\"><strong>17H30-18H45<\/strong><\/td>\n<td width=\"108\"><strong>\u00a0<\/strong><\/td>\n<\/tr>\n<tr valign=\"top\">\n<td width=\"108\"><strong> 19H30-20H45<\/strong><\/td>\n<td width=\"109\"><strong>19H-20H (dynamique)<\/strong><\/td>\n<td width=\"109\"><\/td>\n<td width=\"109\"><strong>19H15-20H30<\/strong><\/td>\n<td width=\"108\"><strong>\u00a0<\/strong><\/td>\n<\/tr>\n<\/tbody>\n<\/table>\n<p>Amenez seulement votre tapis de yoga, le reste des accessoires (briques de yoga, sangles, bolsters) sera mis \u00e0 votre disposition pour vous rendre la pratique plus agr\u00e9able.<\/p>\n<h1>Recommandations<\/h1>\n<p>Ne pas manger dans la mesure du possible moins de deux heures avant les cours.<\/p>\n<p>Me pr\u00e9venir si blessures ou douleurs particuli\u00e8res, grossesse afin d&#8217;am\u00e9nager les postures.<\/p>\n","protected":false},"excerpt":{"rendered":"<p>O\u00f9 me trouver ? Je dispense les cours au 7 rue de l\u2019Escouarte 33980 Audenge. Vous pouvez me contacter directement au 06 84 23 93 74. Il est aussi possible d&#8217;organiser des s\u00e9ances particuli\u00e8res (1 \u00e0 3 \u00e9l\u00e8ves) et en&hellip; <a href=\"https:\/\/yoga-audenge.fr\/index.php\/salle-de-pratique-tarifs\/\" class=\"more-link\">Continue Reading <span class=\"meta-nav\">&rarr;<\/span><\/a><\/p>\n","protected":false},"author":1,"featured_media":0,"parent":0,"menu_order":0,"comment_status":"closed","ping_status":"closed","template":"","meta":[],"yoast_head":"<!-- This site is optimized with the Yoast SEO plugin v18.9 - https:\/\/yoast.com\/wordpress\/plugins\/seo\/ -->\n<title>Salle de pratique - tarifs - horaires - Caroline Yoga<\/title>\n<meta name=\"robots\" content=\"index, follow, max-snippet:-1, max-image-preview:large, max-video-preview:-1\" \/>\n<link rel=\"canonical\" href=\"https:\/\/yoga-audenge.fr\/index.php\/salle-de-pratique-tarifs\/\" \/>\n<meta property=\"og:locale\" content=\"en_US\" \/>\n<meta property=\"og:type\" content=\"article\" \/>\n<meta property=\"og:title\" content=\"Salle de pratique - tarifs - horaires - Caroline Yoga\" \/>\n<meta property=\"og:description\" content=\"O\u00f9 me trouver ? Je dispense les cours au 7 rue de l\u2019Escouarte 33980 Audenge. Vous pouvez me contacter directement au 06 84 23 93 74. Il est aussi possible d&#8217;organiser des s\u00e9ances particuli\u00e8res (1 \u00e0 3 \u00e9l\u00e8ves) et en&hellip; Continue Reading &rarr;\" \/>\n<meta property=\"og:url\" content=\"https:\/\/yoga-audenge.fr\/index.php\/salle-de-pratique-tarifs\/\" \/>\n<meta property=\"og:site_name\" content=\"Caroline Yoga\" \/>\n<meta property=\"article:modified_time\" content=\"2026-02-16T14:31:40+00:00\" \/>\n<meta property=\"og:image\" content=\"http:\/\/yoga-aurillac.fr\/wp-content\/uploads\/2017\/11\/zoom_main_violet.jpg\" \/>\n<meta name=\"twitter:card\" content=\"summary\" \/>\n<meta name=\"twitter:label1\" content=\"Est. reading time\" \/>\n\t<meta name=\"twitter:data1\" content=\"2 minutes\" \/>\n<script type=\"application\/ld+json\" class=\"yoast-schema-graph\">{\"@context\":\"https:\/\/schema.org\",\"@graph\":[{\"@type\":\"WebSite\",\"@id\":\"https:\/\/yoga-audenge.fr\/#website\",\"url\":\"https:\/\/yoga-audenge.fr\/\",\"name\":\"Caroline Yoga\",\"description\":\"Cours particuliers et en groupes\",\"potentialAction\":[{\"@type\":\"SearchAction\",\"target\":{\"@type\":\"EntryPoint\",\"urlTemplate\":\"https:\/\/yoga-audenge.fr\/?s={search_term_string}\"},\"query-input\":\"required name=search_term_string\"}],\"inLanguage\":\"en-US\"},{\"@type\":\"ImageObject\",\"inLanguage\":\"en-US\",\"@id\":\"https:\/\/yoga-audenge.fr\/index.php\/salle-de-pratique-tarifs\/#primaryimage\",\"url\":\"http:\/\/yoga-aurillac.fr\/wp-content\/uploads\/2017\/11\/zoom_main_violet.jpg\",\"contentUrl\":\"http:\/\/yoga-aurillac.fr\/wp-content\/uploads\/2017\/11\/zoom_main_violet.jpg\"},{\"@type\":\"WebPage\",\"@id\":\"https:\/\/yoga-audenge.fr\/index.php\/salle-de-pratique-tarifs\/#webpage\",\"url\":\"https:\/\/yoga-audenge.fr\/index.php\/salle-de-pratique-tarifs\/\",\"name\":\"Salle de pratique - tarifs - horaires - Caroline Yoga\",\"isPartOf\":{\"@id\":\"https:\/\/yoga-audenge.fr\/#website\"},\"primaryImageOfPage\":{\"@id\":\"https:\/\/yoga-audenge.fr\/index.php\/salle-de-pratique-tarifs\/#primaryimage\"},\"datePublished\":\"2017-11-10T21:09:31+00:00\",\"dateModified\":\"2026-02-16T14:31:40+00:00\",\"breadcrumb\":{\"@id\":\"https:\/\/yoga-audenge.fr\/index.php\/salle-de-pratique-tarifs\/#breadcrumb\"},\"inLanguage\":\"en-US\",\"potentialAction\":[{\"@type\":\"ReadAction\",\"target\":[\"https:\/\/yoga-audenge.fr\/index.php\/salle-de-pratique-tarifs\/\"]}]},{\"@type\":\"BreadcrumbList\",\"@id\":\"https:\/\/yoga-audenge.fr\/index.php\/salle-de-pratique-tarifs\/#breadcrumb\",\"itemListElement\":[{\"@type\":\"ListItem\",\"position\":1,\"name\":\"Accueil\",\"item\":\"https:\/\/yoga-audenge.fr\/\"},{\"@type\":\"ListItem\",\"position\":2,\"name\":\"Salle de pratique &#8211; tarifs &#8211; horaires\"}]}]}<\/script>\n<!-- \/ Yoast SEO plugin. -->","yoast_head_json":{"title":"Salle de pratique - tarifs - horaires - Caroline Yoga","robots":{"index":"index","follow":"follow","max-snippet":"max-snippet:-1","max-image-preview":"max-image-preview:large","max-video-preview":"max-video-preview:-1"},"canonical":"https:\/\/yoga-audenge.fr\/index.php\/salle-de-pratique-tarifs\/","og_locale":"en_US","og_type":"article","og_title":"Salle de pratique - tarifs - horaires - Caroline Yoga","og_description":"O\u00f9 me trouver ? Je dispense les cours au 7 rue de l\u2019Escouarte 33980 Audenge. Vous pouvez me contacter directement au 06 84 23 93 74. Il est aussi possible d&#8217;organiser des s\u00e9ances particuli\u00e8res (1 \u00e0 3 \u00e9l\u00e8ves) et en&hellip; Continue Reading &rarr;","og_url":"https:\/\/yoga-audenge.fr\/index.php\/salle-de-pratique-tarifs\/","og_site_name":"Caroline Yoga","article_modified_time":"2026-02-16T14:31:40+00:00","og_image":[{"url":"http:\/\/yoga-aurillac.fr\/wp-content\/uploads\/2017\/11\/zoom_main_violet.jpg"}],"twitter_card":"summary","twitter_misc":{"Est. reading time":"2 minutes"},"schema":{"@context":"https:\/\/schema.org","@graph":[{"@type":"WebSite","@id":"https:\/\/yoga-audenge.fr\/#website","url":"https:\/\/yoga-audenge.fr\/","name":"Caroline Yoga","description":"Cours particuliers et en groupes","potentialAction":[{"@type":"SearchAction","target":{"@type":"EntryPoint","urlTemplate":"https:\/\/yoga-audenge.fr\/?s={search_term_string}"},"query-input":"required name=search_term_string"}],"inLanguage":"en-US"},{"@type":"ImageObject","inLanguage":"en-US","@id":"https:\/\/yoga-audenge.fr\/index.php\/salle-de-pratique-tarifs\/#primaryimage","url":"http:\/\/yoga-aurillac.fr\/wp-content\/uploads\/2017\/11\/zoom_main_violet.jpg","contentUrl":"http:\/\/yoga-aurillac.fr\/wp-content\/uploads\/2017\/11\/zoom_main_violet.jpg"},{"@type":"WebPage","@id":"https:\/\/yoga-audenge.fr\/index.php\/salle-de-pratique-tarifs\/#webpage","url":"https:\/\/yoga-audenge.fr\/index.php\/salle-de-pratique-tarifs\/","name":"Salle de pratique - tarifs - horaires - Caroline Yoga","isPartOf":{"@id":"https:\/\/yoga-audenge.fr\/#website"},"primaryImageOfPage":{"@id":"https:\/\/yoga-audenge.fr\/index.php\/salle-de-pratique-tarifs\/#primaryimage"},"datePublished":"2017-11-10T21:09:31+00:00","dateModified":"2026-02-16T14:31:40+00:00","breadcrumb":{"@id":"https:\/\/yoga-audenge.fr\/index.php\/salle-de-pratique-tarifs\/#breadcrumb"},"inLanguage":"en-US","potentialAction":[{"@type":"ReadAction","target":["https:\/\/yoga-audenge.fr\/index.php\/salle-de-pratique-tarifs\/"]}]},{"@type":"BreadcrumbList","@id":"https:\/\/yoga-audenge.fr\/index.php\/salle-de-pratique-tarifs\/#breadcrumb","itemListElement":[{"@type":"ListItem","position":1,"name":"Accueil","item":"https:\/\/yoga-audenge.fr\/"},{"@type":"ListItem","position":2,"name":"Salle de pratique &#8211; tarifs &#8211; horaires"}]}]}},"_links":{"self":[{"href":"https:\/\/yoga-audenge.fr\/index.php\/wp-json\/wp\/v2\/pages\/53"}],"collection":[{"href":"https:\/\/yoga-audenge.fr\/index.php\/wp-json\/wp\/v2\/pages"}],"about":[{"href":"https:\/\/yoga-audenge.fr\/index.php\/wp-json\/wp\/v2\/types\/page"}],"author":[{"embeddable":true,"href":"https:\/\/yoga-audenge.fr\/index.php\/wp-json\/wp\/v2\/users\/1"}],"replies":[{"embeddable":true,"href":"https:\/\/yoga-audenge.fr\/index.php\/wp-json\/wp\/v2\/comments?post=53"}],"version-history":[{"count":29,"href":"https:\/\/yoga-audenge.fr\/index.php\/wp-json\/wp\/v2\/pages\/53\/revisions"}],"predecessor-version":[{"id":190,"href":"https:\/\/yoga-audenge.fr\/index.php\/wp-json\/wp\/v2\/pages\/53\/revisions\/190"}],"wp:attachment":[{"href":"https:\/\/yoga-audenge.fr\/index.php\/wp-json\/wp\/v2\/media?parent=53"}],"curies":[{"name":"wp","href":"https:\/\/api.w.org\/{rel}","templated":true}]}}